{"id":3592,"date":"2023-01-25T08:43:06","date_gmt":"2023-01-25T07:43:06","guid":{"rendered":"https:\/\/www.foto-kaleidoskop.at\/hausimleben\/?page_id=3592"},"modified":"2024-05-06T15:01:43","modified_gmt":"2024-05-06T13:01:43","slug":"vorteile-fur-gemeinden","status":"publish","type":"page","link":"https:\/\/www.foto-kaleidoskop.at\/hausimleben\/vorteile-fur-gemeinden\/","title":{"rendered":"Vorteile f\u00fcr Gemeinden"},"content":{"rendered":"\n<style type=\"text\/css\" data-created_by=\"avia_inline_auto\" id=\"style-css-av-ldbevag7-4d657add6db14641e9b85959ab689ec9\">\n.avia-section.av-ldbevag7-4d657add6db14641e9b85959ab689ec9{\nbackground-repeat:no-repeat;\nbackground-image:url(https:\/\/www.foto-kaleidoskop.at\/hausimleben\/wp-content\/uploads\/2023\/02\/Menschen_Silhouetten_2400px_weiss_V_04.jpg);\nbackground-position:50% 100%;\nbackground-attachment:scroll;\n}\n<\/style>\n<div id='av_section_1'  class='avia-section av-ldbevag7-4d657add6db14641e9b85959ab689ec9 main_color avia-section-default avia-no-border-styling  avia-builder-el-0  el_before_av_hr  avia-builder-el-first  avia-full-stretch avia-bg-style-scroll av-minimum-height av-minimum-height-custom  container_wrap sidebar_right'  data-section-bg-repeat='stretch' data-av_minimum_height_px='300'><div class='container av-section-cont-open' style='height:300px'><main  role=\"main\" itemprop=\"mainContentOfPage\"  class='template-page content  av-content-small alpha units'><div class='post-entry post-entry-type-page post-entry-3592'><div class='entry-content-wrapper clearfix'><\/div><\/div><\/main><!-- close content main element --><\/div><\/div><div id='after_section_1'  class='main_color av_default_container_wrap container_wrap sidebar_right'  ><div class='container av-section-cont-open' ><div class='template-page content  av-content-small alpha units'><div class='post-entry post-entry-type-page post-entry-3592'><div class='entry-content-wrapper clearfix'>\n\n<style type=\"text\/css\" data-created_by=\"avia_inline_auto\" id=\"style-css-av-ldbenbdn-b0a6f152cf84af3d8cdf122f9390e2ed\">\n#top .hr.hr-invisible.av-ldbenbdn-b0a6f152cf84af3d8cdf122f9390e2ed{\nheight:20px;\n}\n<\/style>\n<div  class='hr av-ldbenbdn-b0a6f152cf84af3d8cdf122f9390e2ed hr-invisible  avia-builder-el-1  el_after_av_section  el_before_av_heading  avia-builder-el-first '><span class='hr-inner '><span class=\"hr-inner-style\"><\/span><\/span><\/div>\n\n<style type=\"text\/css\" data-created_by=\"avia_inline_auto\" id=\"style-css-av-ldbef7b4-9998a2b91e64197dce86bee6daa5863a\">\n#top .av-special-heading.av-ldbef7b4-9998a2b91e64197dce86bee6daa5863a{\npadding-bottom:10px;\nfont-size:34px;\n}\nbody .av-special-heading.av-ldbef7b4-9998a2b91e64197dce86bee6daa5863a .av-special-heading-tag .heading-char{\nfont-size:25px;\n}\n#top #wrap_all .av-special-heading.av-ldbef7b4-9998a2b91e64197dce86bee6daa5863a .av-special-heading-tag{\nfont-size:34px;\n}\n.av-special-heading.av-ldbef7b4-9998a2b91e64197dce86bee6daa5863a .av-subheading{\nfont-size:20px;\n}\n\n@media only screen and (min-width: 480px) and (max-width: 767px){ \n#top #wrap_all .av-special-heading.av-ldbef7b4-9998a2b91e64197dce86bee6daa5863a .av-special-heading-tag{\nfont-size:0.8em;\n}\n}\n\n@media only screen and (max-width: 479px){ \n#top #wrap_all .av-special-heading.av-ldbef7b4-9998a2b91e64197dce86bee6daa5863a .av-special-heading-tag{\nfont-size:0.8em;\n}\n}\n<\/style>\n<div  class='av-special-heading av-ldbef7b4-9998a2b91e64197dce86bee6daa5863a av-special-heading-h2 blockquote elegant-quote elegant-centered  avia-builder-el-2  el_after_av_hr  el_before_av_hr  av-inherit-size'><h2 class='av-special-heading-tag'  itemprop=\"headline\"  ><span class=\"heading-wrap\">Vorteile f\u00fcr Gemeinden<\/span><\/h2><div class='av-subheading av-subheading_below'><p>&#8220;Als B\u00fcrgermeister von\u00a0Vomp bin ich stolz darauf,<br \/>\ndass unsere Marktgemeinde eine Einrichtung wie das &#8220;Haus im Leben&#8221; beherbergt.&#8221;<br \/>\nKarl-Josef Schubert<\/p>\n<\/div><div class=\"special-heading-border\"><div class=\"special-heading-inner-border\"><\/div><\/div><\/div>\n\n<style type=\"text\/css\" data-created_by=\"avia_inline_auto\" id=\"style-css-av-ldbeo9or-cd48b50354effe55b563edcba2452abf\">\n#top .hr.hr-invisible.av-ldbeo9or-cd48b50354effe55b563edcba2452abf{\nheight:110px;\n}\n<\/style>\n<div  class='hr av-ldbeo9or-cd48b50354effe55b563edcba2452abf hr-invisible  avia-builder-el-3  el_after_av_heading  el_before_av_one_half '><span class='hr-inner '><span class=\"hr-inner-style\"><\/span><\/span><\/div>\n<div class='flex_column av-235rne3-4ac863813edc33975a1e6db84cb43e0f av_one_half  avia-builder-el-4  el_after_av_hr  el_before_av_one_half  first flex_column_div '     ><style type=\"text\/css\" data-created_by=\"avia_inline_auto\" id=\"style-css-av-218hfq3-5974f240a4a3eec9148b2ed95f701397\">\n#top .avia-icon-list-container.av-218hfq3-5974f240a4a3eec9148b2ed95f701397 .iconlist_icon{\ncolor:#ffffff;\nbackground-color:#a0b830;\n}\n<\/style>\n<div  class='avia-icon-list-container av-218hfq3-5974f240a4a3eec9148b2ed95f701397  avia-builder-el-5  avia-builder-el-no-sibling '><ul class='avia-icon-list avia_animate_when_almost_visible avia-icon-list-left av-iconlist-big av-218hfq3-5974f240a4a3eec9148b2ed95f701397 avia-iconlist-animate'>\n<li><div class='iconlist_icon av-76pii3-19-2-fd98885f0b5c8866718cffbf4d3bb2c5 avia-font-entypo-fontello'><span class='iconlist-char' aria-hidden='true' data-av_icon='\ue812' data-av_iconfont='entypo-fontello'><\/span><\/div><article class=\"article-icon-entry \"  itemscope=\"itemscope\" itemtype=\"https:\/\/schema.org\/CreativeWork\" ><div class=\"iconlist_content_wrap\"><header class=\"entry-content-header\"><h4 class='av_iconlist_title iconlist_title  '  itemprop=\"headline\" >Bereicherung der Wohnangebote in der Gemeinde<\/h4><\/header><div class='iconlist_content '  itemprop=\"text\" ><p>Ein Haus im Leben schafft Wohnraum f\u00fcr Menschen mit unterschiedlichen Bed\u00fcrfnislagen. Besonderes Augenmerk wird auf Angeh\u00f6rige von Menschen mit Behinderung gelegt, besonders wenn sie selbst schon \u00e4lter sind. Bei Bedarf k\u00f6nnen im Haus auch h\u00f6her betreute Wohngemeinschaften integriert werden.<\/p>\n<\/div><\/div><footer class=\"entry-footer\"><\/footer><\/article><div class=\"iconlist-timeline\"><\/div><\/li>\n<li><div class='iconlist_icon av-76pii3-19-04040b4420dac3f648e47876e53e0589 avia-font-entypo-fontello'><span class='iconlist-char' aria-hidden='true' data-av_icon='\ue812' data-av_iconfont='entypo-fontello'><\/span><\/div><article class=\"article-icon-entry \"  itemscope=\"itemscope\" itemtype=\"https:\/\/schema.org\/CreativeWork\" ><div class=\"iconlist_content_wrap\"><header class=\"entry-content-header\"><h4 class='av_iconlist_title iconlist_title  '  itemprop=\"headline\" >Betreubare Wohnform ohne Kosten f\u00fcr die Gemeinde<\/h4><\/header><div class='iconlist_content '  itemprop=\"text\" ><p>Die im Haus t\u00e4tige Wohnbegleitung wird zur G\u00e4nze von den BewohnerInnen anteilig finanziert. Der Betrieb erfolgt zum Selbstkostenpreis durch die gemeinn\u00fctzige Gmbh. Haus im Leben.<\/p>\n<\/div><\/div><footer class=\"entry-footer\"><\/footer><\/article><div class=\"iconlist-timeline\"><\/div><\/li>\n<li><div class='iconlist_icon av-76pii3-20-92d6ceee63e95763324c4fc61154b975 avia-font-entypo-fontello'><span class='iconlist-char' aria-hidden='true' data-av_icon='\ue812' data-av_iconfont='entypo-fontello'><\/span><\/div><article class=\"article-icon-entry \"  itemscope=\"itemscope\" itemtype=\"https:\/\/schema.org\/CreativeWork\" ><div class=\"iconlist_content_wrap\"><header class=\"entry-content-header\"><h4 class='av_iconlist_title iconlist_title  '  itemprop=\"headline\" >Familienfreundliches Wohnen<\/h4><\/header><div class='iconlist_content '  itemprop=\"text\" ><p>Auf die Unterst\u00fctzung von Familien, Kindern und Jugendlichen wird in einem Haus im Leben besonderer Wert gelegt (u.a. durch Kinderbetreuung, Lernhilfe, Nachhilfe, gemeinsame Aktivit\u00e4ten, Kreativprojekte, Spielplatz &#038; Gemeinschaftsr\u00e4ume)<\/p>\n<\/div><\/div><footer class=\"entry-footer\"><\/footer><\/article><div class=\"iconlist-timeline\"><\/div><\/li>\n<li><div class='iconlist_icon av-76pii3-38ed1f8b0b60fcae746396c0f39e2e8b avia-font-entypo-fontello'><span class='iconlist-char' aria-hidden='true' data-av_icon='\ue812' data-av_iconfont='entypo-fontello'><\/span><\/div><article class=\"article-icon-entry \"  itemscope=\"itemscope\" itemtype=\"https:\/\/schema.org\/CreativeWork\" ><div class=\"iconlist_content_wrap\"><header class=\"entry-content-header\"><h4 class='av_iconlist_title iconlist_title  '  itemprop=\"headline\" >Leistbares Wohnen<\/h4><\/header><div class='iconlist_content '  itemprop=\"text\" ><p>Ein Haus im Leben ist ein wohnbaugef\u00f6rderter, gemeinn\u00fctziger Wohnbau. Die unterschiedlich gro\u00dfen Wohnungen in einem Haus im Leben sind barrierefrei und kindergerecht, bei Bedarf auch behindertengerecht konzipiert. Sie stehen zur Miete zur Verf\u00fcgung und erm\u00f6glichen Individualit\u00e4t, Ruhe und R\u00fcckzug.<\/p>\n<\/div><\/div><footer class=\"entry-footer\"><\/footer><\/article><div class=\"iconlist-timeline\"><\/div><\/li>\n<\/ul><\/div><\/div><div class='flex_column av-urlel4-24eb065b57889f09cdb69bdecc426db7 av_one_half  avia-builder-el-6  el_after_av_one_half  el_before_av_hr  flex_column_div '     ><style type=\"text\/css\" data-created_by=\"avia_inline_auto\" id=\"style-css-av-sf7n0o-01eb4d1a3eedaa80aa58d3da10d2934c\">\n#top .avia-icon-list-container.av-sf7n0o-01eb4d1a3eedaa80aa58d3da10d2934c .iconlist_icon{\ncolor:#ffffff;\nbackground-color:#a0b830;\n}\n<\/style>\n<div  class='avia-icon-list-container av-sf7n0o-01eb4d1a3eedaa80aa58d3da10d2934c  avia-builder-el-7  avia-builder-el-no-sibling '><ul class='avia-icon-list avia_animate_when_almost_visible avia-icon-list-left av-iconlist-big av-sf7n0o-01eb4d1a3eedaa80aa58d3da10d2934c avia-iconlist-animate'>\n<li><div class='iconlist_icon av-nu4zu0-d1f4057a318cf325e2fe7fc0eaeaaa49 avia-font-entypo-fontello'><span class='iconlist-char' aria-hidden='true' data-av_icon='\ue812' data-av_iconfont='entypo-fontello'><\/span><\/div><article class=\"article-icon-entry \"  itemscope=\"itemscope\" itemtype=\"https:\/\/schema.org\/CreativeWork\" ><div class=\"iconlist_content_wrap\"><header class=\"entry-content-header\"><h4 class='av_iconlist_title iconlist_title  '  itemprop=\"headline\" >Entlastung fu\u0308r Altersheime<\/h4><\/header><div class='iconlist_content '  itemprop=\"text\" ><p>Im Haus im Leben k\u00f6nnen auch Menschen mit niedrigeren Pflegestufen noch selbst\u00e4ndig leben.<br \/>\nBei Betreuung durch Angeh\u00f6rige k\u00f6nnen diese durch die Ressourcen im Haus auch bei h\u00f6herem Pflegebedarf gut unterst\u00fctzt werden.<\/p>\n<\/div><\/div><footer class=\"entry-footer\"><\/footer><\/article><div class=\"iconlist-timeline\"><\/div><\/li>\n<li><div class='iconlist_icon av-nu4zu0-2-06eca50bc58d9da48aa9ef594bac13fe avia-font-entypo-fontello'><span class='iconlist-char' aria-hidden='true' data-av_icon='\ue812' data-av_iconfont='entypo-fontello'><\/span><\/div><article class=\"article-icon-entry \"  itemscope=\"itemscope\" itemtype=\"https:\/\/schema.org\/CreativeWork\" ><div class=\"iconlist_content_wrap\"><header class=\"entry-content-header\"><h4 class='av_iconlist_title iconlist_title  '  itemprop=\"headline\" >Keine Ausfallshaftung f\u00fcr die Gemeinde<\/h4><\/header><div class='iconlist_content '  itemprop=\"text\" ><p>Bei dem Projekt Haus im Leben entstehen f\u00fcr die Gemeinde keine Ausfallshaftungen, da die Vergabe der Wohnungen durch die Kooperation mit der Gemeinde \u00fcber die Haus im Leben GmbH bzw. den Bautr\u00e4ger erfolgt.<\/p>\n<\/div><\/div><footer class=\"entry-footer\"><\/footer><\/article><div class=\"iconlist-timeline\"><\/div><\/li>\n<li><div class='iconlist_icon av-pvu8t4-54010e4537ec2a80ff7d5a3037ffb7d9 avia-font-entypo-fontello'><span class='iconlist-char' aria-hidden='true' data-av_icon='\ue812' data-av_iconfont='entypo-fontello'><\/span><\/div><article class=\"article-icon-entry \"  itemscope=\"itemscope\" itemtype=\"https:\/\/schema.org\/CreativeWork\" ><div class=\"iconlist_content_wrap\"><header class=\"entry-content-header\"><h4 class='av_iconlist_title iconlist_title  '  itemprop=\"headline\" >Ansiedelung von gesundheits- und gemeinwesenorientierten Gewerbebetrieben<\/h4><\/header><div class='iconlist_content '  itemprop=\"text\" ><p>Als Teil der Projektentwicklung werden im Erdgeschoss im Haus im Leben Betriebe angesiedelt, die das Angebot in der Gemeinde bereichern (z.B. Physiotherapie, Arzt, Kinderkrippe, Bauernladen, Caf\u00e9 im Leben, Veranstaltungszentrum, Dorfstube, Sozialvereine)<\/p>\n<\/div><\/div><footer class=\"entry-footer\"><\/footer><\/article><div class=\"iconlist-timeline\"><\/div><\/li>\n<li><div class='iconlist_icon av-nu4zu0-1-82f496f7659717d4d8fd77a95c8f264a avia-font-entypo-fontello'><span class='iconlist-char' aria-hidden='true' data-av_icon='\ue812' data-av_iconfont='entypo-fontello'><\/span><\/div><article class=\"article-icon-entry \"  itemscope=\"itemscope\" itemtype=\"https:\/\/schema.org\/CreativeWork\" ><div class=\"iconlist_content_wrap\"><header class=\"entry-content-header\"><h4 class='av_iconlist_title iconlist_title  '  itemprop=\"headline\" >Schaffung von Arbeitspl\u00e4tzen<\/h4><\/header><div class='iconlist_content '  itemprop=\"text\" ><p>Durch die Ansiedelung von Gewerbebetrieben in den Erdgeschossfl\u00e4chen entstehen mitunter neue Arbeitspl\u00e4tze in der Gemeinde.<\/p>\n<\/div><\/div><footer class=\"entry-footer\"><\/footer><\/article><div class=\"iconlist-timeline\"><\/div><\/li>\n<\/ul><\/div><\/div><\/p>\n\n<style type=\"text\/css\" data-created_by=\"avia_inline_auto\" id=\"style-css-av-lue9fs-1a92b532eb86d0d05a4f82f534c57de5\">\n#top .hr.hr-invisible.av-lue9fs-1a92b532eb86d0d05a4f82f534c57de5{\nheight:90px;\n}\n<\/style>\n<div  class='hr av-lue9fs-1a92b532eb86d0d05a4f82f534c57de5 hr-invisible  avia-builder-el-8  el_after_av_one_half  el_before_av_heading '><span class='hr-inner '><span class=\"hr-inner-style\"><\/span><\/span><\/div>\n\n<style type=\"text\/css\" data-created_by=\"avia_inline_auto\" id=\"style-css-av-bgprbc-132417741f16b168fcbf4fb5c02d3363\">\n#top .av-special-heading.av-bgprbc-132417741f16b168fcbf4fb5c02d3363{\npadding-bottom:10px;\nfont-size:20px;\n}\nbody .av-special-heading.av-bgprbc-132417741f16b168fcbf4fb5c02d3363 .av-special-heading-tag .heading-char{\nfont-size:25px;\n}\n#top #wrap_all .av-special-heading.av-bgprbc-132417741f16b168fcbf4fb5c02d3363 .av-special-heading-tag{\nfont-size:20px;\n}\n.av-special-heading.av-bgprbc-132417741f16b168fcbf4fb5c02d3363 .av-subheading{\nfont-size:15px;\n}\n\n@media only screen and (min-width: 480px) and (max-width: 767px){ \n#top #wrap_all .av-special-heading.av-bgprbc-132417741f16b168fcbf4fb5c02d3363 .av-special-heading-tag{\nfont-size:0.8em;\n}\n}\n\n@media only screen and (max-width: 479px){ \n#top #wrap_all .av-special-heading.av-bgprbc-132417741f16b168fcbf4fb5c02d3363 .av-special-heading-tag{\nfont-size:0.8em;\n}\n}\n<\/style>\n<div  class='av-special-heading av-bgprbc-132417741f16b168fcbf4fb5c02d3363 av-special-heading-h3 blockquote elegant-quote elegant-centered  avia-builder-el-9  el_after_av_hr  el_before_av_textblock  av-inherit-size'><h3 class='av-special-heading-tag'  itemprop=\"headline\"  ><span class=\"heading-wrap\">Sie interessieren sich f\u00fcr M\u00f6glichkeiten eines Haus im Leben in Ihrer Gemeinde?<\/span><\/h3><div class=\"special-heading-border\"><div class=\"special-heading-inner-border\"><\/div><\/div><\/div>\n<section  class='av_textblock_section av-lgjc1wjo-a0ae7d9eb12f3514866e71def04ee1b8'  itemscope=\"itemscope\" itemtype=\"https:\/\/schema.org\/CreativeWork\" ><div class='avia_textblock'  itemprop=\"text\" ><p style=\"text-align: center;\">Kontaktieren Sie uns! Wir freuen uns auf Sie!<\/p>\n<p style=\"text-align: center;\">T <a href=\"tel:+436644556454\">+43 664 45 56 454<\/a><br \/>\nM <a href=\"mailto:office@hausimleben.at\">office@hausimleben.at<\/a><\/p>\n<p style=\"text-align: center;\">B\u00fcro Innsbruck<br \/>\nAmbergasse 1\/56<br \/>\n6020 Innsbruck<\/p>\n<\/div><\/section>\n\n<style type=\"text\/css\" data-created_by=\"avia_inline_auto\" id=\"style-css-av-9kthhk-cb4146ae269cad3ed8dcd292c2ef54cd\">\n#top .hr.hr-invisible.av-9kthhk-cb4146ae269cad3ed8dcd292c2ef54cd{\nheight:25px;\n}\n<\/style>\n<div  class='hr av-9kthhk-cb4146ae269cad3ed8dcd292c2ef54cd hr-invisible  avia-builder-el-11  el_after_av_textblock  el_before_av_hr '><span class='hr-inner '><span class=\"hr-inner-style\"><\/span><\/span><\/div>\n\n<style type=\"text\/css\" data-created_by=\"avia_inline_auto\" id=\"style-css-av-ldbfkxc1-878334147b1a9b958349864db437540b\">\n#top .hr.hr-invisible.av-ldbfkxc1-878334147b1a9b958349864db437540b{\nheight:90px;\n}\n<\/style>\n<div  class='hr av-ldbfkxc1-878334147b1a9b958349864db437540b hr-invisible  avia-builder-el-12  el_after_av_hr  avia-builder-el-last '><span class='hr-inner '><span class=\"hr-inner-style\"><\/span><\/span><\/div>\n","protected":false},"excerpt":{"rendered":"","protected":false},"author":1,"featured_media":0,"parent":0,"menu_order":0,"comment_status":"closed","ping_status":"closed","template":"","meta":{"footnotes":""},"class_list":["post-3592","page","type-page","status-publish","hentry"],"_links":{"self":[{"href":"https:\/\/www.foto-kaleidoskop.at\/hausimleben\/wp-json\/wp\/v2\/pages\/3592","targetHints":{"allow":["GET"]}}],"collection":[{"href":"https:\/\/www.foto-kaleidoskop.at\/hausimleben\/wp-json\/wp\/v2\/pages"}],"about":[{"href":"https:\/\/www.foto-kaleidoskop.at\/hausimleben\/wp-json\/wp\/v2\/types\/page"}],"author":[{"embeddable":true,"href":"https:\/\/www.foto-kaleidoskop.at\/hausimleben\/wp-json\/wp\/v2\/users\/1"}],"replies":[{"embeddable":true,"href":"https:\/\/www.foto-kaleidoskop.at\/hausimleben\/wp-json\/wp\/v2\/comments?post=3592"}],"version-history":[{"count":55,"href":"https:\/\/www.foto-kaleidoskop.at\/hausimleben\/wp-json\/wp\/v2\/pages\/3592\/revisions"}],"predecessor-version":[{"id":4419,"href":"https:\/\/www.foto-kaleidoskop.at\/hausimleben\/wp-json\/wp\/v2\/pages\/3592\/revisions\/4419"}],"wp:attachment":[{"href":"https:\/\/www.foto-kaleidoskop.at\/hausimleben\/wp-json\/wp\/v2\/media?parent=3592"}],"curies":[{"name":"wp","href":"https:\/\/api.w.org\/{rel}","templated":true}]}}