{"id":613,"date":"2017-02-02T12:29:24","date_gmt":"2017-02-02T12:29:24","guid":{"rendered":"http:\/\/test.kriesi.at\/enfold-2017\/?page_id=613"},"modified":"2023-02-08T14:50:53","modified_gmt":"2023-02-08T13:50:53","slug":"datenschutz","status":"publish","type":"page","link":"https:\/\/www.foto-kaleidoskop.at\/hausimleben\/datenschutz\/","title":{"rendered":"Datenschutz"},"content":{"rendered":"<div id='av_section_1'  class='avia-section av-20x8yl-40a6a2f5132e56e55911e155d98ba781 main_color avia-section-large avia-no-border-styling  avia-builder-el-0  avia-builder-el-no-sibling  avia-bg-style-scroll container_wrap sidebar_right'  ><div class='container av-section-cont-open' ><main  role=\"main\" itemprop=\"mainContentOfPage\"  class='template-page content  av-content-small alpha units'><div class='post-entry post-entry-type-page post-entry-613'><div class='entry-content-wrapper clearfix'>\n\n<style type=\"text\/css\" data-created_by=\"avia_inline_auto\" id=\"style-css-av-1z2nl1-0dd0a1294376ab28d0513808338b4c88\">\n#top .av-special-heading.av-1z2nl1-0dd0a1294376ab28d0513808338b4c88{\npadding-bottom:20px;\nfont-size:40px;\n}\nbody .av-special-heading.av-1z2nl1-0dd0a1294376ab28d0513808338b4c88 .av-special-heading-tag .heading-char{\nfont-size:25px;\n}\n#top #wrap_all .av-special-heading.av-1z2nl1-0dd0a1294376ab28d0513808338b4c88 .av-special-heading-tag{\nfont-size:40px;\n}\n.av-special-heading.av-1z2nl1-0dd0a1294376ab28d0513808338b4c88 .av-subheading{\nfont-size:15px;\n}\n\n@media only screen and (min-width: 480px) and (max-width: 767px){ \n#top #wrap_all .av-special-heading.av-1z2nl1-0dd0a1294376ab28d0513808338b4c88 .av-special-heading-tag{\nfont-size:0.8em;\n}\n}\n\n@media only screen and (max-width: 479px){ \n#top #wrap_all .av-special-heading.av-1z2nl1-0dd0a1294376ab28d0513808338b4c88 .av-special-heading-tag{\nfont-size:0.8em;\n}\n}\n<\/style>\n<div  class='av-special-heading av-1z2nl1-0dd0a1294376ab28d0513808338b4c88 av-special-heading-h2 blockquote modern-quote  avia-builder-el-1  el_before_av_hr  avia-builder-el-first  av-inherit-size'><h2 class='av-special-heading-tag'  itemprop=\"headline\"  >Datenschutz<\/h2><div class=\"special-heading-border\"><div class=\"special-heading-inner-border\"><\/div><\/div><\/div>\n\n<style type=\"text\/css\" data-created_by=\"avia_inline_auto\" id=\"style-css-av-1te80l-a629fd940b17d3af297282a736932fc9\">\n#top .hr.av-1te80l-a629fd940b17d3af297282a736932fc9{\nmargin-top:10px;\nmargin-bottom:10px;\n}\n.hr.av-1te80l-a629fd940b17d3af297282a736932fc9 .hr-inner{\nwidth:240px;\nborder-color:#000000;\n}\n<\/style>\n<div  class='hr av-1te80l-a629fd940b17d3af297282a736932fc9 hr-custom  avia-builder-el-2  el_after_av_heading  el_before_av_one_half  hr-left hr-icon-no'><span class='hr-inner inner-border-av-border-thin'><span class=\"hr-inner-style\"><\/span><\/span><\/div>\n\n<style type=\"text\/css\" data-created_by=\"avia_inline_auto\" id=\"style-css-av-1mdisl-9fff8cdd9940fbf3dcae61bec6bae372\">\n.flex_column.av-1mdisl-9fff8cdd9940fbf3dcae61bec6bae372{\n-webkit-border-radius:0px 0px 0px 0px;\n-moz-border-radius:0px 0px 0px 0px;\nborder-radius:0px 0px 0px 0px;\npadding:0px 0px 0px 0px;\n}\n<\/style>\n<div class='flex_column av-1mdisl-9fff8cdd9940fbf3dcae61bec6bae372 av_one_half  avia-builder-el-3  el_after_av_hr  el_before_av_one_half  first flex_column_div av-zero-column-padding '     ><section  class='av_textblock_section av-1hhw9h-1b5aef7c38ab4f036a808e91b57c899e'  itemscope=\"itemscope\" itemtype=\"https:\/\/schema.org\/CreativeWork\" ><div class='avia_textblock'  itemprop=\"text\" ><p>Der Schutz Ihrer pers\u00f6nlichen Daten ist uns ein besonderes Anliegen. Wir verarbeiten Ihre Daten daher ausschlie\u00dflich auf Grundlage der gesetzlichen Bestimmungen (DSGVO, TKG 2003). In diesen Datenschutzinformationen informieren wir Sie \u00fcber die wichtigsten Aspekte der Datenverarbeitung im Rahmen unserer Website.<\/p>\n<p><strong>Kontakt mit uns<\/strong><br \/>\nWenn Sie per Formular auf der Website oder per E-Mail Kontakt mit uns aufnehmen, werden Ihre angegebenen Daten zwecks Bearbeitung der Anfrage und f\u00fcr den Fall von Anschlussfragen sechs Monate bei uns gespeichert. Diese Daten geben wir nicht ohne Ihre Einwilligung weiter.<\/p>\n<p><strong>Ihre Rechte<\/strong><br \/>\nIhnen stehen grunds\u00e4tzlich die Rechte auf Auskunft, Berichtigung, L\u00f6schung, Einschr\u00e4nkung, Daten\u00fcbertragbarkeit, Widerruf und Widerspruch zu. Wenn Sie glauben, dass die Verarbeitung Ihrer Daten gegen das Datenschutzrecht verst\u00f6\u00dft oder Ihre datenschutzrechtlichen Anspr\u00fcche sonst in einer Weise verletzt worden sind, k\u00f6nnen Sie sich bei der Aufsichtsbeh\u00f6rde beschweren. In \u00d6sterreich ist dies die Datenschutzbeh\u00f6rde.<\/p>\n<\/div><\/section><\/div>\n<style type=\"text\/css\" data-created_by=\"avia_inline_auto\" id=\"style-css-av-18k6h1-da798c2e0fe400def2a5aac337de879e\">\n.flex_column.av-18k6h1-da798c2e0fe400def2a5aac337de879e{\n-webkit-border-radius:0px 0px 0px 0px;\n-moz-border-radius:0px 0px 0px 0px;\nborder-radius:0px 0px 0px 0px;\npadding:0px 0px 0px 0px;\n}\n<\/style>\n<div class='flex_column av-18k6h1-da798c2e0fe400def2a5aac337de879e av_one_half  avia-builder-el-5  el_after_av_one_half  avia-builder-el-last  flex_column_div av-zero-column-padding '     ><section  class='av_textblock_section av-11zzdx-c9cf21e2021ce5643b86d8ce2c18afaf'  itemscope=\"itemscope\" itemtype=\"https:\/\/schema.org\/CreativeWork\" ><div class='avia_textblock'  itemprop=\"text\" ><p><strong>Sie erreichen uns unter folgenden Kontaktdaten<\/strong><\/p>\n<p>Erich Anton Stabentheiner<br \/>\nUnternehmensberatung CMC<\/p>\n<p><a href=\"mailto:office@hausimleben.at\">office@hausimleben.at<\/a><br \/>\n<a href=\"https:\/\/www.hausimleben.at\/\" target=\"_blank\" rel=\"noopener\">www.hausimleben.at<\/a><\/p>\n<p>Amberggasse 1<br \/>\n6020 Innsbruck<\/p>\n<p>T +43 (0) 664 \u00a045 234 54<\/p>\n<\/div><\/section><\/div><\/div><\/div><\/main><!-- close content main element --><\/div><\/div><div id='after_section_1'  class='main_color av_default_container_wrap container_wrap sidebar_right'  ><div class='container av-section-cont-open' ><div class='template-page content  av-content-small alpha units'><div class='post-entry post-entry-type-page post-entry-613'><div class='entry-content-wrapper clearfix'>\n","protected":false},"excerpt":{"rendered":"","protected":false},"author":1,"featured_media":0,"parent":0,"menu_order":0,"comment_status":"closed","ping_status":"closed","template":"","meta":{"footnotes":""},"class_list":["post-613","page","type-page","status-publish","hentry"],"_links":{"self":[{"href":"https:\/\/www.foto-kaleidoskop.at\/hausimleben\/wp-json\/wp\/v2\/pages\/613","targetHints":{"allow":["GET"]}}],"collection":[{"href":"https:\/\/www.foto-kaleidoskop.at\/hausimleben\/wp-json\/wp\/v2\/pages"}],"about":[{"href":"https:\/\/www.foto-kaleidoskop.at\/hausimleben\/wp-json\/wp\/v2\/types\/page"}],"author":[{"embeddable":true,"href":"https:\/\/www.foto-kaleidoskop.at\/hausimleben\/wp-json\/wp\/v2\/users\/1"}],"replies":[{"embeddable":true,"href":"https:\/\/www.foto-kaleidoskop.at\/hausimleben\/wp-json\/wp\/v2\/comments?post=613"}],"version-history":[{"count":7,"href":"https:\/\/www.foto-kaleidoskop.at\/hausimleben\/wp-json\/wp\/v2\/pages\/613\/revisions"}],"predecessor-version":[{"id":4063,"href":"https:\/\/www.foto-kaleidoskop.at\/hausimleben\/wp-json\/wp\/v2\/pages\/613\/revisions\/4063"}],"wp:attachment":[{"href":"https:\/\/www.foto-kaleidoskop.at\/hausimleben\/wp-json\/wp\/v2\/media?parent=613"}],"curies":[{"name":"wp","href":"https:\/\/api.w.org\/{rel}","templated":true}]}}